{"id":2,"date":"2014-04-29T12:13:01","date_gmt":"2014-04-29T11:13:01","guid":{"rendered":"http:\/\/localhost\/wordpress-3.9\/wordpress\/?page_id=2"},"modified":"2025-01-27T23:07:48","modified_gmt":"2025-01-27T22:07:48","slug":"sample-page","status":"publish","type":"page","link":"https:\/\/guxa.ch\/wordpress\/","title":{"rendered":"CHALET GUXA ****"},"content":{"rendered":"\n<div class=\"wp-block-media-text is-stacked-on-mobile is-vertically-aligned-center\" style=\"grid-template-columns:45% auto\"><figure class=\"wp-block-media-text__media\"><img loading=\"lazy\" decoding=\"async\" width=\"1024\" height=\"614\" src=\"http:\/\/guxa.ch\/wordpress\/wp-content\/uploads\/2019\/11\/cropped-IMG_4003-1024x614.jpg\" alt=\"\" class=\"wp-image-771 size-full\" srcset=\"https:\/\/guxa.ch\/wordpress\/wp-content\/uploads\/2019\/11\/cropped-IMG_4003-1024x614.jpg 1024w, https:\/\/guxa.ch\/wordpress\/wp-content\/uploads\/2019\/11\/cropped-IMG_4003-300x180.jpg 300w, https:\/\/guxa.ch\/wordpress\/wp-content\/uploads\/2019\/11\/cropped-IMG_4003-768x461.jpg 768w, https:\/\/guxa.ch\/wordpress\/wp-content\/uploads\/2019\/11\/cropped-IMG_4003-1536x922.jpg 1536w, https:\/\/guxa.ch\/wordpress\/wp-content\/uploads\/2019\/11\/cropped-IMG_4003.jpg 2000w\" sizes=\"auto, (max-width: 1024px) 100vw, 1024px\" \/><\/figure><div class=\"wp-block-media-text__content\">\n<p><strong>Ferienwohnung (3.5 Zimmer) f\u00fcr 4 Personen<\/strong> und <strong>Studio (1.5 Zimmer) f\u00fcr 2 Personen<\/strong> an \u00e4usserst sch\u00f6ner Lage mit traumfhafter Rundsicht. Absolut ruhige Umgebung und trotzdem zentral gelegen. Dorfzentrum mit kleinem Supermarkt, B\u00e4ckerei und Metzgerei in 5 Minuten Gehdistanz. Sportzentrum Bachtla (Gratiseintritt f\u00fcr G\u00e4ste des GUXA) und Bettmerhornbahn, sowie ein gr\u00f6sserer Coop in 10 Minuten Gehdistanz. Gr\u00f6sster Sessellift &#8220;Sch\u00f6nbiel&#8221; 50 Meter entfernt. <\/p>\n<\/div><\/div>\n\n\n\n<div class=\"wp-block-media-text has-media-on-the-right is-stacked-on-mobile is-vertically-aligned-center is-image-fill-element\" style=\"grid-template-columns:auto 48%\"><div class=\"wp-block-media-text__content\">\n<p><\/p>\n\n\n\n<p class=\"has-text-align-right\"><span style=\"color: #000000;\">Das Haus wurde 1997 neu erbaut mit allem Komfort. Die Wohnungen haben\u00a0Satelliten-TV (Flachbildschirme 40&#8243; resp. 30&#8243;), Wireless Internet (WLAN)\u00a0und Radio. Die K\u00fcchen sind sehr gut ausgestattet mit\u00a0Geschirrsp\u00fcler, Glaskeramikkochfeld, Backofen, Kaffeemaschine, Racletteofen etc.<\/span><\/p>\n<\/div><figure class=\"wp-block-media-text__media\"><img loading=\"lazy\" decoding=\"async\" width=\"709\" height=\"531\" src=\"http:\/\/guxa.ch\/wordpress\/wp-content\/uploads\/2014\/04\/P1000205.jpg\" alt=\"\" class=\"wp-image-291 size-full\" style=\"object-position:50% 50%\" srcset=\"https:\/\/guxa.ch\/wordpress\/wp-content\/uploads\/2014\/04\/P1000205.jpg 709w, https:\/\/guxa.ch\/wordpress\/wp-content\/uploads\/2014\/04\/P1000205-300x224.jpg 300w\" sizes=\"auto, (max-width: 709px) 100vw, 709px\" \/><\/figure><\/div>\n\n\n\n<div class=\"wp-block-media-text is-stacked-on-mobile is-vertically-aligned-center\" style=\"grid-template-columns:48% auto\"><figure class=\"wp-block-media-text__media\"><img loading=\"lazy\" decoding=\"async\" width=\"1024\" height=\"576\" src=\"http:\/\/guxa.ch\/wordpress\/wp-content\/uploads\/2014\/04\/Startseite-1024x576.jpg\" alt=\"\" class=\"wp-image-351 size-full\"\/><\/figure><div class=\"wp-block-media-text__content\">\n<p><\/p>\n\n\n\n<p><span style=\"color: #000000;\">Es ist ein idealer Ausgangspunkt f\u00fcr alle Aktivit\u00e4ten. Skilaufen direkt von und zu der Haust\u00fcre, Wanderungen, Biketouren, Kinderspielplatz und Minigolf. Auf der Riederalp ist ein 9 Loch Golfplatz (h\u00f6chstgelegenster Golfplatz von Europa).<\/span><\/p>\n<\/div><\/div>\n","protected":false},"excerpt":{"rendered":"<p>Ferienwohnung (3.5 Zimmer) f\u00fcr 4 Personen und Studio (1.5 Zimmer) f\u00fcr 2 Personen an \u00e4usserst sch\u00f6ner Lage mit traumfhafter Rundsicht. Absolut ruhige Umgebung und trotzdem zentral gelegen. Dorfzentrum mit kleinem Supermarkt, B\u00e4ckerei und Metzgerei in 5 Minuten Gehdistanz. Sportzentrum Bachtla (Gratiseintritt f\u00fcr G\u00e4ste des GUXA) und Bettmerhornbahn, sowie ein gr\u00f6sserer Coop in 10 Minuten Gehdistanz. &hellip; <\/p>\n<p><a class=\"more-link btn\" href=\"https:\/\/guxa.ch\/wordpress\/\">Continue reading<\/a><\/p>\n","protected":false},"author":1,"featured_media":0,"parent":0,"menu_order":0,"comment_status":"closed","ping_status":"closed","template":"","meta":{"_acf_changed":false,"footnotes":""},"class_list":["post-2","page","type-page","status-publish","hentry","nodate","item-wrap"],"acf":[],"_links":{"self":[{"href":"https:\/\/guxa.ch\/wordpress\/wp-json\/wp\/v2\/pages\/2","targetHints":{"allow":["GET"]}}],"collection":[{"href":"https:\/\/guxa.ch\/wordpress\/wp-json\/wp\/v2\/pages"}],"about":[{"href":"https:\/\/guxa.ch\/wordpress\/wp-json\/wp\/v2\/types\/page"}],"author":[{"embeddable":true,"href":"https:\/\/guxa.ch\/wordpress\/wp-json\/wp\/v2\/users\/1"}],"replies":[{"embeddable":true,"href":"https:\/\/guxa.ch\/wordpress\/wp-json\/wp\/v2\/comments?post=2"}],"version-history":[{"count":38,"href":"https:\/\/guxa.ch\/wordpress\/wp-json\/wp\/v2\/pages\/2\/revisions"}],"predecessor-version":[{"id":787,"href":"https:\/\/guxa.ch\/wordpress\/wp-json\/wp\/v2\/pages\/2\/revisions\/787"}],"wp:attachment":[{"href":"https:\/\/guxa.ch\/wordpress\/wp-json\/wp\/v2\/media?parent=2"}],"curies":[{"name":"wp","href":"https:\/\/api.w.org\/{rel}","templated":true}]}}